{"id":142,"date":"2019-03-13T18:31:07","date_gmt":"2019-03-13T22:31:07","guid":{"rendered":"http:\/\/terlys.com\/?page_id=142"},"modified":"2024-05-15T11:26:56","modified_gmt":"2024-05-15T15:26:56","slug":"nixalin","status":"publish","type":"page","link":"https:\/\/terlys.com\/fr\/nixalin\/","title":{"rendered":"Nixalin\u2122"},"content":{"rendered":"","protected":false},"excerpt":{"rendered":"","protected":false},"author":1,"featured_media":0,"parent":0,"menu_order":0,"comment_status":"closed","ping_status":"closed","template":"","meta":{"footnotes":""},"class_list":["post-142","page","type-page","status-publish","hentry"],"yoast_head":"<!-- This site is optimized with the Yoast SEO plugin v24.5 - https:\/\/yoast.com\/wordpress\/plugins\/seo\/ -->\n<title>TERLYS Nixalin\u2122 - Ingr\u00e9dient actif - soin r\u00e9parateur et r\u00e9g\u00e9n\u00e9rateur<\/title>\n<meta name=\"description\" content=\"NIXALIN est un ingr\u00e9dient actif dermocosm\u00e9tique qui favorise la r\u00e9g\u00e9n\u00e9ration et la r\u00e9paration cutan\u00e9e. Il d\u00e9montre une grande efficacit\u00e9 dans les formules pour peaux fragiles, hyper sensibles, abim\u00e9es, tr\u00e8s s\u00e8ches et\/ou irrit\u00e9es.\" \/>\n<meta name=\"robots\" content=\"index, follow, max-snippet:-1, max-image-preview:large, max-video-preview:-1\" \/>\n<link rel=\"canonical\" href=\"https:\/\/terlys.com\/fr\/nixalin\/\" \/>\n<meta property=\"og:locale\" content=\"fr_FR\" \/>\n<meta property=\"og:type\" content=\"article\" \/>\n<meta property=\"og:title\" content=\"TERLYS Nixalin\u2122 - Ingr\u00e9dient actif - soin r\u00e9parateur et r\u00e9g\u00e9n\u00e9rateur\" \/>\n<meta property=\"og:description\" content=\"NIXALIN est un ingr\u00e9dient actif dermocosm\u00e9tique qui favorise la r\u00e9g\u00e9n\u00e9ration et la r\u00e9paration cutan\u00e9e. Il d\u00e9montre une grande efficacit\u00e9 dans les formules pour peaux fragiles, hyper sensibles, abim\u00e9es, tr\u00e8s s\u00e8ches et\/ou irrit\u00e9es.\" \/>\n<meta property=\"og:url\" content=\"https:\/\/terlys.com\/fr\/nixalin\/\" \/>\n<meta property=\"og:site_name\" content=\"TERLYS\" \/>\n<meta property=\"article:modified_time\" content=\"2024-05-15T15:26:56+00:00\" \/>\n<meta name=\"twitter:card\" content=\"summary_large_image\" \/>\n<script type=\"application\/ld+json\" class=\"yoast-schema-graph\">{\"@context\":\"https:\/\/schema.org\",\"@graph\":[{\"@type\":\"WebPage\",\"@id\":\"https:\/\/terlys.com\/fr\/nixalin\/\",\"url\":\"https:\/\/terlys.com\/fr\/nixalin\/\",\"name\":\"TERLYS Nixalin\u2122 - Ingr\u00e9dient actif - soin r\u00e9parateur et r\u00e9g\u00e9n\u00e9rateur\",\"isPartOf\":{\"@id\":\"https:\/\/terlys.com\/#website\"},\"datePublished\":\"2019-03-13T22:31:07+00:00\",\"dateModified\":\"2024-05-15T15:26:56+00:00\",\"description\":\"NIXALIN est un ingr\u00e9dient actif dermocosm\u00e9tique qui favorise la r\u00e9g\u00e9n\u00e9ration et la r\u00e9paration cutan\u00e9e. Il d\u00e9montre une grande efficacit\u00e9 dans les formules pour peaux fragiles, hyper sensibles, abim\u00e9es, tr\u00e8s s\u00e8ches et\/ou irrit\u00e9es.\",\"breadcrumb\":{\"@id\":\"https:\/\/terlys.com\/fr\/nixalin\/#breadcrumb\"},\"inLanguage\":\"fr-FR\",\"potentialAction\":[{\"@type\":\"ReadAction\",\"target\":[\"https:\/\/terlys.com\/fr\/nixalin\/\"]}]},{\"@type\":\"BreadcrumbList\",\"@id\":\"https:\/\/terlys.com\/fr\/nixalin\/#breadcrumb\",\"itemListElement\":[{\"@type\":\"ListItem\",\"position\":1,\"name\":\"Accueil\",\"item\":\"https:\/\/terlys.com\/fr\/\"},{\"@type\":\"ListItem\",\"position\":2,\"name\":\"Nixalin\u2122\"}]},{\"@type\":\"WebSite\",\"@id\":\"https:\/\/terlys.com\/#website\",\"url\":\"https:\/\/terlys.com\/\",\"name\":\"TERLYS\",\"description\":\"Pure Ingredients, Simply\",\"publisher\":{\"@id\":\"https:\/\/terlys.com\/#organization\"},\"potentialAction\":[{\"@type\":\"SearchAction\",\"target\":{\"@type\":\"EntryPoint\",\"urlTemplate\":\"https:\/\/terlys.com\/?s={search_term_string}\"},\"query-input\":{\"@type\":\"PropertyValueSpecification\",\"valueRequired\":true,\"valueName\":\"search_term_string\"}}],\"inLanguage\":\"fr-FR\"},{\"@type\":\"Organization\",\"@id\":\"https:\/\/terlys.com\/#organization\",\"name\":\"TERLYS\",\"url\":\"https:\/\/terlys.com\/\",\"logo\":{\"@type\":\"ImageObject\",\"inLanguage\":\"fr-FR\",\"@id\":\"https:\/\/terlys.com\/#\/schema\/logo\/image\/\",\"url\":\"https:\/\/terlys.com\/wp-content\/uploads\/2019\/03\/cropped-logo_typo_noir@2x.png\",\"contentUrl\":\"https:\/\/terlys.com\/wp-content\/uploads\/2019\/03\/cropped-logo_typo_noir@2x.png\",\"width\":220,\"height\":135,\"caption\":\"TERLYS\"},\"image\":{\"@id\":\"https:\/\/terlys.com\/#\/schema\/logo\/image\/\"}}]}<\/script>\n<!-- \/ Yoast SEO plugin. -->","yoast_head_json":{"title":"TERLYS Nixalin\u2122 - Ingr\u00e9dient actif - soin r\u00e9parateur et r\u00e9g\u00e9n\u00e9rateur","description":"NIXALIN est un ingr\u00e9dient actif dermocosm\u00e9tique qui favorise la r\u00e9g\u00e9n\u00e9ration et la r\u00e9paration cutan\u00e9e. Il d\u00e9montre une grande efficacit\u00e9 dans les formules pour peaux fragiles, hyper sensibles, abim\u00e9es, tr\u00e8s s\u00e8ches et\/ou irrit\u00e9es.","robots":{"index":"index","follow":"follow","max-snippet":"max-snippet:-1","max-image-preview":"max-image-preview:large","max-video-preview":"max-video-preview:-1"},"canonical":"https:\/\/terlys.com\/fr\/nixalin\/","og_locale":"fr_FR","og_type":"article","og_title":"TERLYS Nixalin\u2122 - Ingr\u00e9dient actif - soin r\u00e9parateur et r\u00e9g\u00e9n\u00e9rateur","og_description":"NIXALIN est un ingr\u00e9dient actif dermocosm\u00e9tique qui favorise la r\u00e9g\u00e9n\u00e9ration et la r\u00e9paration cutan\u00e9e. Il d\u00e9montre une grande efficacit\u00e9 dans les formules pour peaux fragiles, hyper sensibles, abim\u00e9es, tr\u00e8s s\u00e8ches et\/ou irrit\u00e9es.","og_url":"https:\/\/terlys.com\/fr\/nixalin\/","og_site_name":"TERLYS","article_modified_time":"2024-05-15T15:26:56+00:00","twitter_card":"summary_large_image","schema":{"@context":"https:\/\/schema.org","@graph":[{"@type":"WebPage","@id":"https:\/\/terlys.com\/fr\/nixalin\/","url":"https:\/\/terlys.com\/fr\/nixalin\/","name":"TERLYS Nixalin\u2122 - Ingr\u00e9dient actif - soin r\u00e9parateur et r\u00e9g\u00e9n\u00e9rateur","isPartOf":{"@id":"https:\/\/terlys.com\/#website"},"datePublished":"2019-03-13T22:31:07+00:00","dateModified":"2024-05-15T15:26:56+00:00","description":"NIXALIN est un ingr\u00e9dient actif dermocosm\u00e9tique qui favorise la r\u00e9g\u00e9n\u00e9ration et la r\u00e9paration cutan\u00e9e. Il d\u00e9montre une grande efficacit\u00e9 dans les formules pour peaux fragiles, hyper sensibles, abim\u00e9es, tr\u00e8s s\u00e8ches et\/ou irrit\u00e9es.","breadcrumb":{"@id":"https:\/\/terlys.com\/fr\/nixalin\/#breadcrumb"},"inLanguage":"fr-FR","potentialAction":[{"@type":"ReadAction","target":["https:\/\/terlys.com\/fr\/nixalin\/"]}]},{"@type":"BreadcrumbList","@id":"https:\/\/terlys.com\/fr\/nixalin\/#breadcrumb","itemListElement":[{"@type":"ListItem","position":1,"name":"Accueil","item":"https:\/\/terlys.com\/fr\/"},{"@type":"ListItem","position":2,"name":"Nixalin\u2122"}]},{"@type":"WebSite","@id":"https:\/\/terlys.com\/#website","url":"https:\/\/terlys.com\/","name":"TERLYS","description":"Pure Ingredients, Simply","publisher":{"@id":"https:\/\/terlys.com\/#organization"},"potentialAction":[{"@type":"SearchAction","target":{"@type":"EntryPoint","urlTemplate":"https:\/\/terlys.com\/?s={search_term_string}"},"query-input":{"@type":"PropertyValueSpecification","valueRequired":true,"valueName":"search_term_string"}}],"inLanguage":"fr-FR"},{"@type":"Organization","@id":"https:\/\/terlys.com\/#organization","name":"TERLYS","url":"https:\/\/terlys.com\/","logo":{"@type":"ImageObject","inLanguage":"fr-FR","@id":"https:\/\/terlys.com\/#\/schema\/logo\/image\/","url":"https:\/\/terlys.com\/wp-content\/uploads\/2019\/03\/cropped-logo_typo_noir@2x.png","contentUrl":"https:\/\/terlys.com\/wp-content\/uploads\/2019\/03\/cropped-logo_typo_noir@2x.png","width":220,"height":135,"caption":"TERLYS"},"image":{"@id":"https:\/\/terlys.com\/#\/schema\/logo\/image\/"}}]}},"_links":{"self":[{"href":"https:\/\/terlys.com\/fr\/wp-json\/wp\/v2\/pages\/142\/"}],"collection":[{"href":"https:\/\/terlys.com\/fr\/wp-json\/wp\/v2\/pages\/"}],"about":[{"href":"https:\/\/terlys.com\/fr\/wp-json\/wp\/v2\/types\/page\/"}],"author":[{"embeddable":true,"href":"https:\/\/terlys.com\/fr\/wp-json\/wp\/v2\/users\/1\/"}],"replies":[{"embeddable":true,"href":"https:\/\/terlys.com\/fr\/wp-json\/wp\/v2\/comments\/?post=142"}],"version-history":[{"count":273,"href":"https:\/\/terlys.com\/fr\/wp-json\/wp\/v2\/pages\/142\/revisions\/"}],"predecessor-version":[{"id":9054,"href":"https:\/\/terlys.com\/fr\/wp-json\/wp\/v2\/pages\/142\/revisions\/9054\/"}],"wp:attachment":[{"href":"https:\/\/terlys.com\/fr\/wp-json\/wp\/v2\/media\/?parent=142"}],"curies":[{"name":"wp","href":"https:\/\/api.w.org\/{rel}","templated":true}]}}