{"id":169,"date":"2019-03-13T18:48:55","date_gmt":"2019-03-13T22:48:55","guid":{"rendered":"http:\/\/terlys.com\/?page_id=169"},"modified":"2023-10-14T14:59:36","modified_gmt":"2023-10-14T18:59:36","slug":"qui_sommes_nous_-missionet-vision","status":"publish","type":"page","link":"https:\/\/terlys.com\/fr\/qui_sommes_nous_-missionet-vision\/","title":{"rendered":"Entreprise"},"content":{"rendered":"","protected":false},"excerpt":{"rendered":"","protected":false},"author":1,"featured_media":0,"parent":0,"menu_order":0,"comment_status":"closed","ping_status":"closed","template":"","meta":{"footnotes":""},"class_list":["post-169","page","type-page","status-publish","hentry"],"yoast_head":"<!-- This site is optimized with the Yoast SEO plugin v24.5 - https:\/\/yoast.com\/wordpress\/plugins\/seo\/ -->\n<title>TERLYS Qui sommes-nous Mission et vision Entreprise<\/title>\n<meta name=\"description\" content=\"Terlys a pour mission de fournir des ingr\u00e9dients actifs efficaces et s\u00e9curitaires pour le march\u00e9 de la dermo-cosm\u00e9tique et des produits de soin et sant\u00e9 topiques, ceci tout en consid\u00e9rant son empreinte \u00e9cologique. Sa vision est de contribuer \u00e0 la sant\u00e9 de la peau par le biais de la phytochimie verte.\" \/>\n<meta name=\"robots\" content=\"index, follow, max-snippet:-1, max-image-preview:large, max-video-preview:-1\" \/>\n<link rel=\"canonical\" href=\"https:\/\/terlys.com\/fr\/qui_sommes_nous_-missionet-vision\/\" \/>\n<meta property=\"og:locale\" content=\"fr_FR\" \/>\n<meta property=\"og:type\" content=\"article\" \/>\n<meta property=\"og:title\" content=\"TERLYS Qui sommes-nous Mission et vision Entreprise\" \/>\n<meta property=\"og:description\" content=\"Terlys a pour mission de fournir des ingr\u00e9dients actifs efficaces et s\u00e9curitaires pour le march\u00e9 de la dermo-cosm\u00e9tique et des produits de soin et sant\u00e9 topiques, ceci tout en consid\u00e9rant son empreinte \u00e9cologique. Sa vision est de contribuer \u00e0 la sant\u00e9 de la peau par le biais de la phytochimie verte.\" \/>\n<meta property=\"og:url\" content=\"https:\/\/terlys.com\/fr\/qui_sommes_nous_-missionet-vision\/\" \/>\n<meta property=\"og:site_name\" content=\"TERLYS\" \/>\n<meta property=\"article:modified_time\" content=\"2023-10-14T18:59:36+00:00\" \/>\n<meta name=\"twitter:card\" content=\"summary_large_image\" \/>\n<script type=\"application\/ld+json\" class=\"yoast-schema-graph\">{\"@context\":\"https:\/\/schema.org\",\"@graph\":[{\"@type\":\"WebPage\",\"@id\":\"https:\/\/terlys.com\/fr\/qui_sommes_nous_-missionet-vision\/\",\"url\":\"https:\/\/terlys.com\/fr\/qui_sommes_nous_-missionet-vision\/\",\"name\":\"TERLYS Qui sommes-nous Mission et vision Entreprise\",\"isPartOf\":{\"@id\":\"https:\/\/terlys.com\/#website\"},\"datePublished\":\"2019-03-13T22:48:55+00:00\",\"dateModified\":\"2023-10-14T18:59:36+00:00\",\"description\":\"Terlys a pour mission de fournir des ingr\u00e9dients actifs efficaces et s\u00e9curitaires pour le march\u00e9 de la dermo-cosm\u00e9tique et des produits de soin et sant\u00e9 topiques, ceci tout en consid\u00e9rant son empreinte \u00e9cologique. Sa vision est de contribuer \u00e0 la sant\u00e9 de la peau par le biais de la phytochimie verte.\",\"breadcrumb\":{\"@id\":\"https:\/\/terlys.com\/fr\/qui_sommes_nous_-missionet-vision\/#breadcrumb\"},\"inLanguage\":\"fr-FR\",\"potentialAction\":[{\"@type\":\"ReadAction\",\"target\":[\"https:\/\/terlys.com\/fr\/qui_sommes_nous_-missionet-vision\/\"]}]},{\"@type\":\"BreadcrumbList\",\"@id\":\"https:\/\/terlys.com\/fr\/qui_sommes_nous_-missionet-vision\/#breadcrumb\",\"itemListElement\":[{\"@type\":\"ListItem\",\"position\":1,\"name\":\"Accueil\",\"item\":\"https:\/\/terlys.com\/fr\/\"},{\"@type\":\"ListItem\",\"position\":2,\"name\":\"Entreprise\"}]},{\"@type\":\"WebSite\",\"@id\":\"https:\/\/terlys.com\/#website\",\"url\":\"https:\/\/terlys.com\/\",\"name\":\"TERLYS\",\"description\":\"Pure Ingredients, Simply\",\"publisher\":{\"@id\":\"https:\/\/terlys.com\/#organization\"},\"potentialAction\":[{\"@type\":\"SearchAction\",\"target\":{\"@type\":\"EntryPoint\",\"urlTemplate\":\"https:\/\/terlys.com\/?s={search_term_string}\"},\"query-input\":{\"@type\":\"PropertyValueSpecification\",\"valueRequired\":true,\"valueName\":\"search_term_string\"}}],\"inLanguage\":\"fr-FR\"},{\"@type\":\"Organization\",\"@id\":\"https:\/\/terlys.com\/#organization\",\"name\":\"TERLYS\",\"url\":\"https:\/\/terlys.com\/\",\"logo\":{\"@type\":\"ImageObject\",\"inLanguage\":\"fr-FR\",\"@id\":\"https:\/\/terlys.com\/#\/schema\/logo\/image\/\",\"url\":\"https:\/\/terlys.com\/wp-content\/uploads\/2019\/03\/cropped-logo_typo_noir@2x.png\",\"contentUrl\":\"https:\/\/terlys.com\/wp-content\/uploads\/2019\/03\/cropped-logo_typo_noir@2x.png\",\"width\":220,\"height\":135,\"caption\":\"TERLYS\"},\"image\":{\"@id\":\"https:\/\/terlys.com\/#\/schema\/logo\/image\/\"}}]}<\/script>\n<!-- \/ Yoast SEO plugin. -->","yoast_head_json":{"title":"TERLYS Qui sommes-nous Mission et vision Entreprise","description":"Terlys a pour mission de fournir des ingr\u00e9dients actifs efficaces et s\u00e9curitaires pour le march\u00e9 de la dermo-cosm\u00e9tique et des produits de soin et sant\u00e9 topiques, ceci tout en consid\u00e9rant son empreinte \u00e9cologique. Sa vision est de contribuer \u00e0 la sant\u00e9 de la peau par le biais de la phytochimie verte.","robots":{"index":"index","follow":"follow","max-snippet":"max-snippet:-1","max-image-preview":"max-image-preview:large","max-video-preview":"max-video-preview:-1"},"canonical":"https:\/\/terlys.com\/fr\/qui_sommes_nous_-missionet-vision\/","og_locale":"fr_FR","og_type":"article","og_title":"TERLYS Qui sommes-nous Mission et vision Entreprise","og_description":"Terlys a pour mission de fournir des ingr\u00e9dients actifs efficaces et s\u00e9curitaires pour le march\u00e9 de la dermo-cosm\u00e9tique et des produits de soin et sant\u00e9 topiques, ceci tout en consid\u00e9rant son empreinte \u00e9cologique. Sa vision est de contribuer \u00e0 la sant\u00e9 de la peau par le biais de la phytochimie verte.","og_url":"https:\/\/terlys.com\/fr\/qui_sommes_nous_-missionet-vision\/","og_site_name":"TERLYS","article_modified_time":"2023-10-14T18:59:36+00:00","twitter_card":"summary_large_image","schema":{"@context":"https:\/\/schema.org","@graph":[{"@type":"WebPage","@id":"https:\/\/terlys.com\/fr\/qui_sommes_nous_-missionet-vision\/","url":"https:\/\/terlys.com\/fr\/qui_sommes_nous_-missionet-vision\/","name":"TERLYS Qui sommes-nous Mission et vision Entreprise","isPartOf":{"@id":"https:\/\/terlys.com\/#website"},"datePublished":"2019-03-13T22:48:55+00:00","dateModified":"2023-10-14T18:59:36+00:00","description":"Terlys a pour mission de fournir des ingr\u00e9dients actifs efficaces et s\u00e9curitaires pour le march\u00e9 de la dermo-cosm\u00e9tique et des produits de soin et sant\u00e9 topiques, ceci tout en consid\u00e9rant son empreinte \u00e9cologique. Sa vision est de contribuer \u00e0 la sant\u00e9 de la peau par le biais de la phytochimie verte.","breadcrumb":{"@id":"https:\/\/terlys.com\/fr\/qui_sommes_nous_-missionet-vision\/#breadcrumb"},"inLanguage":"fr-FR","potentialAction":[{"@type":"ReadAction","target":["https:\/\/terlys.com\/fr\/qui_sommes_nous_-missionet-vision\/"]}]},{"@type":"BreadcrumbList","@id":"https:\/\/terlys.com\/fr\/qui_sommes_nous_-missionet-vision\/#breadcrumb","itemListElement":[{"@type":"ListItem","position":1,"name":"Accueil","item":"https:\/\/terlys.com\/fr\/"},{"@type":"ListItem","position":2,"name":"Entreprise"}]},{"@type":"WebSite","@id":"https:\/\/terlys.com\/#website","url":"https:\/\/terlys.com\/","name":"TERLYS","description":"Pure Ingredients, Simply","publisher":{"@id":"https:\/\/terlys.com\/#organization"},"potentialAction":[{"@type":"SearchAction","target":{"@type":"EntryPoint","urlTemplate":"https:\/\/terlys.com\/?s={search_term_string}"},"query-input":{"@type":"PropertyValueSpecification","valueRequired":true,"valueName":"search_term_string"}}],"inLanguage":"fr-FR"},{"@type":"Organization","@id":"https:\/\/terlys.com\/#organization","name":"TERLYS","url":"https:\/\/terlys.com\/","logo":{"@type":"ImageObject","inLanguage":"fr-FR","@id":"https:\/\/terlys.com\/#\/schema\/logo\/image\/","url":"https:\/\/terlys.com\/wp-content\/uploads\/2019\/03\/cropped-logo_typo_noir@2x.png","contentUrl":"https:\/\/terlys.com\/wp-content\/uploads\/2019\/03\/cropped-logo_typo_noir@2x.png","width":220,"height":135,"caption":"TERLYS"},"image":{"@id":"https:\/\/terlys.com\/#\/schema\/logo\/image\/"}}]}},"_links":{"self":[{"href":"https:\/\/terlys.com\/fr\/wp-json\/wp\/v2\/pages\/169\/"}],"collection":[{"href":"https:\/\/terlys.com\/fr\/wp-json\/wp\/v2\/pages\/"}],"about":[{"href":"https:\/\/terlys.com\/fr\/wp-json\/wp\/v2\/types\/page\/"}],"author":[{"embeddable":true,"href":"https:\/\/terlys.com\/fr\/wp-json\/wp\/v2\/users\/1\/"}],"replies":[{"embeddable":true,"href":"https:\/\/terlys.com\/fr\/wp-json\/wp\/v2\/comments\/?post=169"}],"version-history":[{"count":99,"href":"https:\/\/terlys.com\/fr\/wp-json\/wp\/v2\/pages\/169\/revisions\/"}],"predecessor-version":[{"id":8193,"href":"https:\/\/terlys.com\/fr\/wp-json\/wp\/v2\/pages\/169\/revisions\/8193\/"}],"wp:attachment":[{"href":"https:\/\/terlys.com\/fr\/wp-json\/wp\/v2\/media\/?parent=169"}],"curies":[{"name":"wp","href":"https:\/\/api.w.org\/{rel}","templated":true}]}}