{"id":194,"date":"2019-03-13T18:57:48","date_gmt":"2019-03-13T22:57:48","guid":{"rendered":"http:\/\/terlys.com\/?page_id=194"},"modified":"2023-10-14T15:23:47","modified_gmt":"2023-10-14T19:23:47","slug":"carrieres_emploi","status":"publish","type":"page","link":"https:\/\/terlys.com\/fr\/carrieres_emploi\/","title":{"rendered":"Carri\u00e8res"},"content":{"rendered":"","protected":false},"excerpt":{"rendered":"","protected":false},"author":1,"featured_media":0,"parent":0,"menu_order":0,"comment_status":"closed","ping_status":"closed","template":"","meta":{"footnotes":""},"class_list":["post-194","page","type-page","status-publish","hentry"],"yoast_head":"<!-- This site is optimized with the Yoast SEO plugin v24.5 - https:\/\/yoast.com\/wordpress\/plugins\/seo\/ -->\n<title>TERLYS Carri\u00e8res - Emplois disponibles<\/title>\n<meta name=\"description\" content=\"Offres d&#039;emploi chez Terlys : situ\u00e9e \u00e0 Qu\u00e9bec, Terlys est une jeune entreprise en pleine croissance. Esprit de collaboration, entraide, coop\u00e9ration et plaisir partag\u00e9 restent au c\u0153ur de nos valeurs.\" \/>\n<meta name=\"robots\" content=\"index, follow, max-snippet:-1, max-image-preview:large, max-video-preview:-1\" \/>\n<link rel=\"canonical\" href=\"https:\/\/terlys.com\/fr\/carrieres_emploi\/\" \/>\n<meta property=\"og:locale\" content=\"fr_FR\" \/>\n<meta property=\"og:type\" content=\"article\" \/>\n<meta property=\"og:title\" content=\"TERLYS Carri\u00e8res - Emplois disponibles\" \/>\n<meta property=\"og:description\" content=\"Offres d&#039;emploi chez Terlys : situ\u00e9e \u00e0 Qu\u00e9bec, Terlys est une jeune entreprise en pleine croissance. Esprit de collaboration, entraide, coop\u00e9ration et plaisir partag\u00e9 restent au c\u0153ur de nos valeurs.\" \/>\n<meta property=\"og:url\" content=\"https:\/\/terlys.com\/fr\/carrieres_emploi\/\" \/>\n<meta property=\"og:site_name\" content=\"TERLYS\" \/>\n<meta property=\"article:modified_time\" content=\"2023-10-14T19:23:47+00:00\" \/>\n<meta name=\"twitter:card\" content=\"summary_large_image\" \/>\n<script type=\"application\/ld+json\" class=\"yoast-schema-graph\">{\"@context\":\"https:\/\/schema.org\",\"@graph\":[{\"@type\":\"WebPage\",\"@id\":\"https:\/\/terlys.com\/fr\/carrieres_emploi\/\",\"url\":\"https:\/\/terlys.com\/fr\/carrieres_emploi\/\",\"name\":\"TERLYS Carri\u00e8res - Emplois disponibles\",\"isPartOf\":{\"@id\":\"https:\/\/terlys.com\/#website\"},\"datePublished\":\"2019-03-13T22:57:48+00:00\",\"dateModified\":\"2023-10-14T19:23:47+00:00\",\"description\":\"Offres d'emploi chez Terlys : situ\u00e9e \u00e0 Qu\u00e9bec, Terlys est une jeune entreprise en pleine croissance. Esprit de collaboration, entraide, coop\u00e9ration et plaisir partag\u00e9 restent au c\u0153ur de nos valeurs.\",\"breadcrumb\":{\"@id\":\"https:\/\/terlys.com\/fr\/carrieres_emploi\/#breadcrumb\"},\"inLanguage\":\"fr-FR\",\"potentialAction\":[{\"@type\":\"ReadAction\",\"target\":[\"https:\/\/terlys.com\/fr\/carrieres_emploi\/\"]}]},{\"@type\":\"BreadcrumbList\",\"@id\":\"https:\/\/terlys.com\/fr\/carrieres_emploi\/#breadcrumb\",\"itemListElement\":[{\"@type\":\"ListItem\",\"position\":1,\"name\":\"Accueil\",\"item\":\"https:\/\/terlys.com\/fr\/\"},{\"@type\":\"ListItem\",\"position\":2,\"name\":\"Carri\u00e8res\"}]},{\"@type\":\"WebSite\",\"@id\":\"https:\/\/terlys.com\/#website\",\"url\":\"https:\/\/terlys.com\/\",\"name\":\"TERLYS\",\"description\":\"Pure Ingredients, Simply\",\"publisher\":{\"@id\":\"https:\/\/terlys.com\/#organization\"},\"potentialAction\":[{\"@type\":\"SearchAction\",\"target\":{\"@type\":\"EntryPoint\",\"urlTemplate\":\"https:\/\/terlys.com\/?s={search_term_string}\"},\"query-input\":{\"@type\":\"PropertyValueSpecification\",\"valueRequired\":true,\"valueName\":\"search_term_string\"}}],\"inLanguage\":\"fr-FR\"},{\"@type\":\"Organization\",\"@id\":\"https:\/\/terlys.com\/#organization\",\"name\":\"TERLYS\",\"url\":\"https:\/\/terlys.com\/\",\"logo\":{\"@type\":\"ImageObject\",\"inLanguage\":\"fr-FR\",\"@id\":\"https:\/\/terlys.com\/#\/schema\/logo\/image\/\",\"url\":\"https:\/\/terlys.com\/wp-content\/uploads\/2019\/03\/cropped-logo_typo_noir@2x.png\",\"contentUrl\":\"https:\/\/terlys.com\/wp-content\/uploads\/2019\/03\/cropped-logo_typo_noir@2x.png\",\"width\":220,\"height\":135,\"caption\":\"TERLYS\"},\"image\":{\"@id\":\"https:\/\/terlys.com\/#\/schema\/logo\/image\/\"}}]}<\/script>\n<!-- \/ Yoast SEO plugin. -->","yoast_head_json":{"title":"TERLYS Carri\u00e8res - Emplois disponibles","description":"Offres d'emploi chez Terlys : situ\u00e9e \u00e0 Qu\u00e9bec, Terlys est une jeune entreprise en pleine croissance. Esprit de collaboration, entraide, coop\u00e9ration et plaisir partag\u00e9 restent au c\u0153ur de nos valeurs.","robots":{"index":"index","follow":"follow","max-snippet":"max-snippet:-1","max-image-preview":"max-image-preview:large","max-video-preview":"max-video-preview:-1"},"canonical":"https:\/\/terlys.com\/fr\/carrieres_emploi\/","og_locale":"fr_FR","og_type":"article","og_title":"TERLYS Carri\u00e8res - Emplois disponibles","og_description":"Offres d'emploi chez Terlys : situ\u00e9e \u00e0 Qu\u00e9bec, Terlys est une jeune entreprise en pleine croissance. Esprit de collaboration, entraide, coop\u00e9ration et plaisir partag\u00e9 restent au c\u0153ur de nos valeurs.","og_url":"https:\/\/terlys.com\/fr\/carrieres_emploi\/","og_site_name":"TERLYS","article_modified_time":"2023-10-14T19:23:47+00:00","twitter_card":"summary_large_image","schema":{"@context":"https:\/\/schema.org","@graph":[{"@type":"WebPage","@id":"https:\/\/terlys.com\/fr\/carrieres_emploi\/","url":"https:\/\/terlys.com\/fr\/carrieres_emploi\/","name":"TERLYS Carri\u00e8res - Emplois disponibles","isPartOf":{"@id":"https:\/\/terlys.com\/#website"},"datePublished":"2019-03-13T22:57:48+00:00","dateModified":"2023-10-14T19:23:47+00:00","description":"Offres d'emploi chez Terlys : situ\u00e9e \u00e0 Qu\u00e9bec, Terlys est une jeune entreprise en pleine croissance. Esprit de collaboration, entraide, coop\u00e9ration et plaisir partag\u00e9 restent au c\u0153ur de nos valeurs.","breadcrumb":{"@id":"https:\/\/terlys.com\/fr\/carrieres_emploi\/#breadcrumb"},"inLanguage":"fr-FR","potentialAction":[{"@type":"ReadAction","target":["https:\/\/terlys.com\/fr\/carrieres_emploi\/"]}]},{"@type":"BreadcrumbList","@id":"https:\/\/terlys.com\/fr\/carrieres_emploi\/#breadcrumb","itemListElement":[{"@type":"ListItem","position":1,"name":"Accueil","item":"https:\/\/terlys.com\/fr\/"},{"@type":"ListItem","position":2,"name":"Carri\u00e8res"}]},{"@type":"WebSite","@id":"https:\/\/terlys.com\/#website","url":"https:\/\/terlys.com\/","name":"TERLYS","description":"Pure Ingredients, Simply","publisher":{"@id":"https:\/\/terlys.com\/#organization"},"potentialAction":[{"@type":"SearchAction","target":{"@type":"EntryPoint","urlTemplate":"https:\/\/terlys.com\/?s={search_term_string}"},"query-input":{"@type":"PropertyValueSpecification","valueRequired":true,"valueName":"search_term_string"}}],"inLanguage":"fr-FR"},{"@type":"Organization","@id":"https:\/\/terlys.com\/#organization","name":"TERLYS","url":"https:\/\/terlys.com\/","logo":{"@type":"ImageObject","inLanguage":"fr-FR","@id":"https:\/\/terlys.com\/#\/schema\/logo\/image\/","url":"https:\/\/terlys.com\/wp-content\/uploads\/2019\/03\/cropped-logo_typo_noir@2x.png","contentUrl":"https:\/\/terlys.com\/wp-content\/uploads\/2019\/03\/cropped-logo_typo_noir@2x.png","width":220,"height":135,"caption":"TERLYS"},"image":{"@id":"https:\/\/terlys.com\/#\/schema\/logo\/image\/"}}]}},"_links":{"self":[{"href":"https:\/\/terlys.com\/fr\/wp-json\/wp\/v2\/pages\/194\/"}],"collection":[{"href":"https:\/\/terlys.com\/fr\/wp-json\/wp\/v2\/pages\/"}],"about":[{"href":"https:\/\/terlys.com\/fr\/wp-json\/wp\/v2\/types\/page\/"}],"author":[{"embeddable":true,"href":"https:\/\/terlys.com\/fr\/wp-json\/wp\/v2\/users\/1\/"}],"replies":[{"embeddable":true,"href":"https:\/\/terlys.com\/fr\/wp-json\/wp\/v2\/comments\/?post=194"}],"version-history":[{"count":31,"href":"https:\/\/terlys.com\/fr\/wp-json\/wp\/v2\/pages\/194\/revisions\/"}],"predecessor-version":[{"id":8204,"href":"https:\/\/terlys.com\/fr\/wp-json\/wp\/v2\/pages\/194\/revisions\/8204\/"}],"wp:attachment":[{"href":"https:\/\/terlys.com\/fr\/wp-json\/wp\/v2\/media\/?parent=194"}],"curies":[{"name":"wp","href":"https:\/\/api.w.org\/{rel}","templated":true}]}}