{"id":7,"date":"2019-03-13T13:20:56","date_gmt":"2019-03-13T17:20:56","guid":{"rendered":"http:\/\/terlys.com\/?page_id=7"},"modified":"2023-10-17T22:51:05","modified_gmt":"2023-10-18T02:51:05","slug":"accueil-terlys","status":"publish","type":"page","link":"https:\/\/terlys.com\/fr\/","title":{"rendered":"Accueil"},"content":{"rendered":"","protected":false},"excerpt":{"rendered":"","protected":false},"author":1,"featured_media":0,"parent":0,"menu_order":0,"comment_status":"closed","ping_status":"closed","template":"","meta":{"footnotes":""},"class_list":["post-7","page","type-page","status-publish","hentry"],"yoast_head":"<!-- This site is optimized with the Yoast SEO plugin v24.5 - https:\/\/yoast.com\/wordpress\/plugins\/seo\/ -->\n<title>TERLYS ingr\u00e9dients actifs lipophiles - dermocosm\u00e9tiques<\/title>\n<meta name=\"description\" content=\"Terlys d\u00e9veloppe et produit des ingr\u00e9dients actifs lipophiles pour le march\u00e9 de la dermo-cosm\u00e9tique et des produits de soin et sant\u00e9 topiques.\" \/>\n<meta name=\"robots\" content=\"index, follow, max-snippet:-1, max-image-preview:large, max-video-preview:-1\" \/>\n<link rel=\"canonical\" href=\"https:\/\/terlys.com\/fr\/\" \/>\n<meta property=\"og:locale\" content=\"fr_FR\" \/>\n<meta property=\"og:type\" content=\"article\" \/>\n<meta property=\"og:title\" content=\"TERLYS\" \/>\n<meta property=\"og:description\" content=\"Terlys d\u00e9veloppe et produit des ingr\u00e9dients actifs lipophiles pour le march\u00e9 de la dermo-cosm\u00e9tique et des produits de soin et sant\u00e9 topiques.\" \/>\n<meta property=\"og:url\" content=\"https:\/\/terlys.com\/fr\/\" \/>\n<meta property=\"og:site_name\" content=\"TERLYS\" \/>\n<meta property=\"article:modified_time\" content=\"2023-10-18T02:51:05+00:00\" \/>\n<meta name=\"twitter:card\" content=\"summary_large_image\" \/>\n<script type=\"application\/ld+json\" class=\"yoast-schema-graph\">{\"@context\":\"https:\/\/schema.org\",\"@graph\":[{\"@type\":\"WebPage\",\"@id\":\"https:\/\/terlys.com\/fr\/\",\"url\":\"https:\/\/terlys.com\/fr\/\",\"name\":\"TERLYS ingr\u00e9dients actifs lipophiles - dermocosm\u00e9tiques\",\"isPartOf\":{\"@id\":\"https:\/\/terlys.com\/#website\"},\"datePublished\":\"2019-03-13T17:20:56+00:00\",\"dateModified\":\"2023-10-18T02:51:05+00:00\",\"description\":\"Terlys d\u00e9veloppe et produit des ingr\u00e9dients actifs lipophiles pour le march\u00e9 de la dermo-cosm\u00e9tique et des produits de soin et sant\u00e9 topiques.\",\"breadcrumb\":{\"@id\":\"https:\/\/terlys.com\/fr\/#breadcrumb\"},\"inLanguage\":\"fr-FR\",\"potentialAction\":[{\"@type\":\"ReadAction\",\"target\":[\"https:\/\/terlys.com\/fr\/\"]}]},{\"@type\":\"BreadcrumbList\",\"@id\":\"https:\/\/terlys.com\/fr\/#breadcrumb\",\"itemListElement\":[{\"@type\":\"ListItem\",\"position\":1,\"name\":\"Accueil\",\"item\":\"https:\/\/terlys.com\/fr\/\"},{\"@type\":\"ListItem\",\"position\":2,\"name\":\"Accueil\"}]},{\"@type\":\"WebSite\",\"@id\":\"https:\/\/terlys.com\/#website\",\"url\":\"https:\/\/terlys.com\/\",\"name\":\"TERLYS\",\"description\":\"Pure Ingredients, Simply\",\"publisher\":{\"@id\":\"https:\/\/terlys.com\/#organization\"},\"potentialAction\":[{\"@type\":\"SearchAction\",\"target\":{\"@type\":\"EntryPoint\",\"urlTemplate\":\"https:\/\/terlys.com\/?s={search_term_string}\"},\"query-input\":{\"@type\":\"PropertyValueSpecification\",\"valueRequired\":true,\"valueName\":\"search_term_string\"}}],\"inLanguage\":\"fr-FR\"},{\"@type\":\"Organization\",\"@id\":\"https:\/\/terlys.com\/#organization\",\"name\":\"TERLYS\",\"url\":\"https:\/\/terlys.com\/\",\"logo\":{\"@type\":\"ImageObject\",\"inLanguage\":\"fr-FR\",\"@id\":\"https:\/\/terlys.com\/#\/schema\/logo\/image\/\",\"url\":\"https:\/\/terlys.com\/wp-content\/uploads\/2019\/03\/cropped-logo_typo_noir@2x.png\",\"contentUrl\":\"https:\/\/terlys.com\/wp-content\/uploads\/2019\/03\/cropped-logo_typo_noir@2x.png\",\"width\":220,\"height\":135,\"caption\":\"TERLYS\"},\"image\":{\"@id\":\"https:\/\/terlys.com\/#\/schema\/logo\/image\/\"}}]}<\/script>\n<!-- \/ Yoast SEO plugin. -->","yoast_head_json":{"title":"TERLYS ingr\u00e9dients actifs lipophiles - dermocosm\u00e9tiques","description":"Terlys d\u00e9veloppe et produit des ingr\u00e9dients actifs lipophiles pour le march\u00e9 de la dermo-cosm\u00e9tique et des produits de soin et sant\u00e9 topiques.","robots":{"index":"index","follow":"follow","max-snippet":"max-snippet:-1","max-image-preview":"max-image-preview:large","max-video-preview":"max-video-preview:-1"},"canonical":"https:\/\/terlys.com\/fr\/","og_locale":"fr_FR","og_type":"article","og_title":"TERLYS","og_description":"Terlys d\u00e9veloppe et produit des ingr\u00e9dients actifs lipophiles pour le march\u00e9 de la dermo-cosm\u00e9tique et des produits de soin et sant\u00e9 topiques.","og_url":"https:\/\/terlys.com\/fr\/","og_site_name":"TERLYS","article_modified_time":"2023-10-18T02:51:05+00:00","twitter_card":"summary_large_image","schema":{"@context":"https:\/\/schema.org","@graph":[{"@type":"WebPage","@id":"https:\/\/terlys.com\/fr\/","url":"https:\/\/terlys.com\/fr\/","name":"TERLYS ingr\u00e9dients actifs lipophiles - dermocosm\u00e9tiques","isPartOf":{"@id":"https:\/\/terlys.com\/#website"},"datePublished":"2019-03-13T17:20:56+00:00","dateModified":"2023-10-18T02:51:05+00:00","description":"Terlys d\u00e9veloppe et produit des ingr\u00e9dients actifs lipophiles pour le march\u00e9 de la dermo-cosm\u00e9tique et des produits de soin et sant\u00e9 topiques.","breadcrumb":{"@id":"https:\/\/terlys.com\/fr\/#breadcrumb"},"inLanguage":"fr-FR","potentialAction":[{"@type":"ReadAction","target":["https:\/\/terlys.com\/fr\/"]}]},{"@type":"BreadcrumbList","@id":"https:\/\/terlys.com\/fr\/#breadcrumb","itemListElement":[{"@type":"ListItem","position":1,"name":"Accueil","item":"https:\/\/terlys.com\/fr\/"},{"@type":"ListItem","position":2,"name":"Accueil"}]},{"@type":"WebSite","@id":"https:\/\/terlys.com\/#website","url":"https:\/\/terlys.com\/","name":"TERLYS","description":"Pure Ingredients, Simply","publisher":{"@id":"https:\/\/terlys.com\/#organization"},"potentialAction":[{"@type":"SearchAction","target":{"@type":"EntryPoint","urlTemplate":"https:\/\/terlys.com\/?s={search_term_string}"},"query-input":{"@type":"PropertyValueSpecification","valueRequired":true,"valueName":"search_term_string"}}],"inLanguage":"fr-FR"},{"@type":"Organization","@id":"https:\/\/terlys.com\/#organization","name":"TERLYS","url":"https:\/\/terlys.com\/","logo":{"@type":"ImageObject","inLanguage":"fr-FR","@id":"https:\/\/terlys.com\/#\/schema\/logo\/image\/","url":"https:\/\/terlys.com\/wp-content\/uploads\/2019\/03\/cropped-logo_typo_noir@2x.png","contentUrl":"https:\/\/terlys.com\/wp-content\/uploads\/2019\/03\/cropped-logo_typo_noir@2x.png","width":220,"height":135,"caption":"TERLYS"},"image":{"@id":"https:\/\/terlys.com\/#\/schema\/logo\/image\/"}}]}},"_links":{"self":[{"href":"https:\/\/terlys.com\/fr\/wp-json\/wp\/v2\/pages\/7\/"}],"collection":[{"href":"https:\/\/terlys.com\/fr\/wp-json\/wp\/v2\/pages\/"}],"about":[{"href":"https:\/\/terlys.com\/fr\/wp-json\/wp\/v2\/types\/page\/"}],"author":[{"embeddable":true,"href":"https:\/\/terlys.com\/fr\/wp-json\/wp\/v2\/users\/1\/"}],"replies":[{"embeddable":true,"href":"https:\/\/terlys.com\/fr\/wp-json\/wp\/v2\/comments\/?post=7"}],"version-history":[{"count":248,"href":"https:\/\/terlys.com\/fr\/wp-json\/wp\/v2\/pages\/7\/revisions\/"}],"predecessor-version":[{"id":8358,"href":"https:\/\/terlys.com\/fr\/wp-json\/wp\/v2\/pages\/7\/revisions\/8358\/"}],"wp:attachment":[{"href":"https:\/\/terlys.com\/fr\/wp-json\/wp\/v2\/media\/?parent=7"}],"curies":[{"name":"wp","href":"https:\/\/api.w.org\/{rel}","templated":true}]}}